{"id":2249,"date":"2025-03-31T13:51:46","date_gmt":"2025-03-31T11:51:46","guid":{"rendered":"https:\/\/ultramagic.test.creagia.com\/historia\/"},"modified":"2025-05-05T10:28:27","modified_gmt":"2025-05-05T08:28:27","slug":"historia","status":"publish","type":"page","link":"https:\/\/ultramagic.test.creagia.com\/es\/historia\/","title":{"rendered":"Historia"},"content":{"rendered":"\t\t<div data-elementor-type=\"wp-page\" data-elementor-id=\"2249\" class=\"elementor elementor-2249 elementor-227\" data-elementor-post-type=\"page\">\n\t\t\t\t<div class=\"elementor-element elementor-element-33d6be99 e-con-full e-flex e-con e-parent\" data-id=\"33d6be99\" data-element_type=\"container\" data-settings=\"{&quot;background_background&quot;:&quot;classic&quot;}\">\n\t\t\t\t<div class=\"elementor-element elementor-element-19cd59f elementor-widget elementor-widget-heading\" data-id=\"19cd59f\" data-element_type=\"widget\" data-widget_type=\"heading.default\">\n\t\t\t\t<div class=\"elementor-widget-container\">\n\t\t\t\t\t<h2 class=\"elementor-heading-title elementor-size-default\">1980, Zanz\u00edbar<\/h2>\t\t\t\t<\/div>\n\t\t\t\t<\/div>\n\t\t\t\t<\/div>\n\t\t<div class=\"elementor-element elementor-element-d6f3462 e-con-full e-flex e-con e-parent\" data-id=\"d6f3462\" data-element_type=\"container\">\n\t\t<div class=\"elementor-element elementor-element-af0db66 e-con-full e-flex e-con e-child\" data-id=\"af0db66\" data-element_type=\"container\" data-settings=\"{&quot;background_background&quot;:&quot;classic&quot;}\">\n\t\t\t\t<div class=\"elementor-element elementor-element-7237d53 elementor-widget elementor-widget-image\" data-id=\"7237d53\" data-element_type=\"widget\" data-widget_type=\"image.default\">\n\t\t\t\t<div class=\"elementor-widget-container\">\n\t\t\t\t\t\t\t\t\t\t\t\t\t\t\t<img fetchpriority=\"high\" decoding=\"async\" width=\"789\" height=\"725\" src=\"https:\/\/ultramagic.test.creagia.com\/wp-content\/uploads\/2025\/03\/zanzibar1.png\" class=\"attachment-large size-large wp-image-1967\" alt=\"\" srcset=\"https:\/\/ultramagic.test.creagia.com\/wp-content\/uploads\/2025\/03\/zanzibar1.png 789w, https:\/\/ultramagic.test.creagia.com\/wp-content\/uploads\/2025\/03\/zanzibar1-600x551.png 600w, https:\/\/ultramagic.test.creagia.com\/wp-content\/uploads\/2025\/03\/zanzibar1-300x276.png 300w, https:\/\/ultramagic.test.creagia.com\/wp-content\/uploads\/2025\/03\/zanzibar1-768x706.png 768w\" sizes=\"(max-width: 789px) 100vw, 789px\" \/>\t\t\t\t\t\t\t\t\t\t\t\t\t\t\t<\/div>\n\t\t\t\t<\/div>\n\t\t\t\t<div class=\"elementor-element elementor-element-75e4ae7 elementor-widget elementor-widget-image\" data-id=\"75e4ae7\" data-element_type=\"widget\" data-widget_type=\"image.default\">\n\t\t\t\t<div class=\"elementor-widget-container\">\n\t\t\t\t\t\t\t\t\t\t\t\t\t\t\t<img decoding=\"async\" width=\"788\" height=\"725\" src=\"https:\/\/ultramagic.test.creagia.com\/wp-content\/uploads\/2025\/03\/zanzibar2.png\" class=\"attachment-large size-large wp-image-1969\" alt=\"\" srcset=\"https:\/\/ultramagic.test.creagia.com\/wp-content\/uploads\/2025\/03\/zanzibar2.png 788w, https:\/\/ultramagic.test.creagia.com\/wp-content\/uploads\/2025\/03\/zanzibar2-600x552.png 600w, https:\/\/ultramagic.test.creagia.com\/wp-content\/uploads\/2025\/03\/zanzibar2-300x276.png 300w, https:\/\/ultramagic.test.creagia.com\/wp-content\/uploads\/2025\/03\/zanzibar2-768x707.png 768w\" sizes=\"(max-width: 788px) 100vw, 788px\" \/>\t\t\t\t\t\t\t\t\t\t\t\t\t\t\t<\/div>\n\t\t\t\t<\/div>\n\t\t\t\t<\/div>\n\t\t<div class=\"elementor-element elementor-element-3a6c955 e-con-full e-flex e-con e-child\" data-id=\"3a6c955\" data-element_type=\"container\" data-settings=\"{&quot;background_background&quot;:&quot;classic&quot;}\">\n\t\t\t\t<div class=\"elementor-element elementor-element-581ae47 elementor-widget elementor-widget-text-editor\" data-id=\"581ae47\" data-element_type=\"widget\" data-widget_type=\"text-editor.default\">\n\t\t\t\t<div class=\"elementor-widget-container\">\n\t\t\t\t\t\t\t\t\t<div class=\"page\" title=\"Page 2\">\n<div class=\"section\">\n<div class=\"layoutArea\">\n<div class=\"column\">\n<p>Empezamos a volar en 1978 con un Globo de segunda mano y poco despu\u00e9s decidimos construir uno mucho mayor para una expedici\u00f3n por \u00c1frica. Este viaje fue realizado en 1980, dur\u00f3 once meses y comport\u00f3 40 vuelos desde Zanz\u00edbar (Tanzania) hasta Kisiangani (Zaire).<\/p>\n<p>Despu\u00e9s de esto empezamos a dise\u00f1ar un ultra ligero y creamos Ultramagic SA. En ese tiempo las noticias sobre la construcci\u00f3n del Globo para la aventura en \u00c1frica se extendieron y otra gente se interes\u00f3 en la construcci\u00f3n de otro globo para ellos. Ten\u00edamos la experiencia, conserv\u00e1bamos las m\u00e1quinas de coser y dispon\u00edamos de la organizaci\u00f3n aeron\u00e1utica. As\u00ed que por razones estrat\u00e9gicas Ultraligeros Ultramagic pas\u00f3 a ser Globo Ultramagic. \u00c9ste fue el principio de una larga historia que nos ha llevado a haber construido miles de globos, incluidas muchas formas especiales.<\/p>\n<p>La producci\u00f3n anual se ha situado entre los 80 y 100 globos, destinando alrededor del 80% a la exportaci\u00f3n. Distribuyendo en todo el mundo incluyendo Jap\u00f3n, Norte Am\u00e9rica, Sur Am\u00e9rica, Europa y por supuesto el lugar donde todo empez\u00f3, \u00c1frica. Globo Ultramagic se ha establecido firmemente como una de las mayores y m\u00e1s importantes empresas de construcci\u00f3n de globos del mundo. En 1993 inauguramos una divisi\u00f3n de Hinchables de Air Fred con un \u00e9xito demostrado en las aproximadamente 4000 formas construidas hasta la fecha. La producci\u00f3n anual de Hinchables de Air Fred se sit\u00faa en torno a las 250 unidades.<\/p>\n<p>La empresa ha crecido con solidez hasta disponer de una plantilla de m\u00e1s de 50 personas calificadas y plenamente dedicadas, as\u00ed como de una red de distribuidores en todo el mundo que ofrece una atenci\u00f3n directa al consumidor.<\/p>\n<\/div>\n<\/div>\n<\/div>\n<\/div>\n\t\t\t\t\t\t\t\t<\/div>\n\t\t\t\t<\/div>\n\t\t\t\t<\/div>\n\t\t\t\t<\/div>\n\t\t<div class=\"elementor-element elementor-element-f5a20b9 e-grid e-con-boxed e-con e-parent\" data-id=\"f5a20b9\" data-element_type=\"container\">\n\t\t\t\t\t<div class=\"e-con-inner\">\n\t\t\t\t\t<\/div>\n\t\t\t\t<\/div>\n\t\t\t\t<\/div>\n\t\t","protected":false},"excerpt":{"rendered":"<p>1980, Zanz\u00edbar Empezamos a volar en 1978 con un Globo de segunda mano y poco despu\u00e9s decidimos construir uno mucho mayor para una expedici\u00f3n por \u00c1frica. Este viaje fue realizado en 1980, dur\u00f3 once meses y comport\u00f3 40 vuelos desde Zanz\u00edbar (Tanzania) hasta Kisiangani (Zaire). Despu\u00e9s de esto empezamos a dise\u00f1ar un ultra ligero y &hellip; <a href=\"https:\/\/ultramagic.test.creagia.com\/es\/historia\/\">Continued<\/a><\/p>\n","protected":false},"author":1,"featured_media":0,"parent":0,"menu_order":0,"comment_status":"closed","ping_status":"closed","template":"","meta":{"footnotes":""},"class_list":["post-2249","page","type-page","status-publish","hentry"],"_links":{"self":[{"href":"https:\/\/ultramagic.test.creagia.com\/es\/wp-json\/wp\/v2\/pages\/2249","targetHints":{"allow":["GET"]}}],"collection":[{"href":"https:\/\/ultramagic.test.creagia.com\/es\/wp-json\/wp\/v2\/pages"}],"about":[{"href":"https:\/\/ultramagic.test.creagia.com\/es\/wp-json\/wp\/v2\/types\/page"}],"author":[{"embeddable":true,"href":"https:\/\/ultramagic.test.creagia.com\/es\/wp-json\/wp\/v2\/users\/1"}],"replies":[{"embeddable":true,"href":"https:\/\/ultramagic.test.creagia.com\/es\/wp-json\/wp\/v2\/comments?post=2249"}],"version-history":[{"count":1,"href":"https:\/\/ultramagic.test.creagia.com\/es\/wp-json\/wp\/v2\/pages\/2249\/revisions"}],"predecessor-version":[{"id":2251,"href":"https:\/\/ultramagic.test.creagia.com\/es\/wp-json\/wp\/v2\/pages\/2249\/revisions\/2251"}],"wp:attachment":[{"href":"https:\/\/ultramagic.test.creagia.com\/es\/wp-json\/wp\/v2\/media?parent=2249"}],"curies":[{"name":"wp","href":"https:\/\/api.w.org\/{rel}","templated":true}]}}