{"id":2258,"date":"2025-03-31T15:37:09","date_gmt":"2025-03-31T13:37:09","guid":{"rendered":"https:\/\/ultramagic.test.creagia.com\/empresa\/"},"modified":"2025-05-05T10:28:29","modified_gmt":"2025-05-05T08:28:29","slug":"empresa","status":"publish","type":"page","link":"https:\/\/ultramagic.test.creagia.com\/es\/empresa\/","title":{"rendered":"Empresa"},"content":{"rendered":"\t\t<div data-elementor-type=\"wp-page\" data-elementor-id=\"2258\" class=\"elementor elementor-2258 elementor-276\" data-elementor-post-type=\"page\">\n\t\t\t\t<div class=\"elementor-element elementor-element-5b64aaec e-flex e-con-boxed e-con e-parent\" data-id=\"5b64aaec\" data-element_type=\"container\" data-settings=\"{&quot;background_background&quot;:&quot;classic&quot;}\">\n\t\t\t\t\t<div class=\"e-con-inner\">\n\t\t\t\t<div class=\"elementor-element elementor-element-383041c elementor-widget elementor-widget-heading\" data-id=\"383041c\" data-element_type=\"widget\" data-widget_type=\"heading.default\">\n\t\t\t\t<div class=\"elementor-widget-container\">\n\t\t\t\t\t<h2 class=\"elementor-heading-title elementor-size-default\">\u00a1Haciendo magia para ti!<\/h2>\t\t\t\t<\/div>\n\t\t\t\t<\/div>\n\t\t\t\t\t<\/div>\n\t\t\t\t<\/div>\n\t\t<div class=\"elementor-element elementor-element-59eb5269 e-con-full e-flex e-con e-parent\" data-id=\"59eb5269\" data-element_type=\"container\" data-settings=\"{&quot;background_background&quot;:&quot;classic&quot;}\">\n\t\t\t\t<div class=\"elementor-element elementor-element-16aa5f6 elementor-widget elementor-widget-image\" data-id=\"16aa5f6\" data-element_type=\"widget\" data-widget_type=\"image.default\">\n\t\t\t\t<div class=\"elementor-widget-container\">\n\t\t\t\t\t\t\t\t\t\t\t\t\t\t\t<img fetchpriority=\"high\" decoding=\"async\" width=\"1640\" height=\"808\" src=\"https:\/\/ultramagic.test.creagia.com\/wp-content\/uploads\/2025\/03\/empresa.png\" class=\"attachment-full size-full wp-image-1973\" alt=\"\" srcset=\"https:\/\/ultramagic.test.creagia.com\/wp-content\/uploads\/2025\/03\/empresa.png 1640w, https:\/\/ultramagic.test.creagia.com\/wp-content\/uploads\/2025\/03\/empresa-600x296.png 600w, https:\/\/ultramagic.test.creagia.com\/wp-content\/uploads\/2025\/03\/empresa-300x148.png 300w, https:\/\/ultramagic.test.creagia.com\/wp-content\/uploads\/2025\/03\/empresa-1024x505.png 1024w, https:\/\/ultramagic.test.creagia.com\/wp-content\/uploads\/2025\/03\/empresa-768x378.png 768w, https:\/\/ultramagic.test.creagia.com\/wp-content\/uploads\/2025\/03\/empresa-1536x757.png 1536w\" sizes=\"(max-width: 1640px) 100vw, 1640px\" \/>\t\t\t\t\t\t\t\t\t\t\t\t\t\t\t<\/div>\n\t\t\t\t<\/div>\n\t\t\t\t<\/div>\n\t\t<div class=\"elementor-element elementor-element-161feeb7 e-con-full e-flex e-con e-child\" data-id=\"161feeb7\" data-element_type=\"container\" data-settings=\"{&quot;background_background&quot;:&quot;classic&quot;}\">\n\t\t\t\t<div class=\"elementor-element elementor-element-387d444f elementor-widget elementor-widget-text-editor\" data-id=\"387d444f\" data-element_type=\"widget\" data-widget_type=\"text-editor.default\">\n\t\t\t\t<div class=\"elementor-widget-container\">\n\t\t\t\t\t\t\t\t\t<div class=\"page\" title=\"Page 2\">\n<div class=\"section\">\n<div class=\"layoutArea\">\n<div class=\"column\">\n<div class=\"page\" title=\"Page 3\">\n<div class=\"section\">\n<div class=\"layoutArea\">\n<div class=\"column\">\n<p>Con la experiencia de dise\u00f1ar y producir m\u00e1s de 2500 globos de aire caliente para clientes, tanto privados como comerciales, nos esforzamos constantemente por dar un servicio cercano y del m\u00e1s alto nivel de profesionalidad. Todo comienza con una respuesta confidencial y algunos consejos iniciales, y contin\u00faa con el dise\u00f1o, la producci\u00f3n y control de calidad. El resultado final es la entrega del producto exacto que usted, el cliente, necesita. Uno de los ingredientes clave para Ultramagic es la m\u00e1xima calidad. Mantenemos los m\u00e1s altos niveles de calidad de aviaci\u00f3n y seguimos las aprobaciones de EASA (European Aviation Safety Agency) a la vez que nuestros globos est\u00e1n totalmente certificados por el FAA en Estados Unidos.    <\/p>\n<p>\u2022 Organizaci\u00f3n de Dise\u00f1o Aprobada por EASA EASA.21J.351<br \/> \u2022 Organizaci\u00f3n de Producci\u00f3n Aprobada por EASA ES.21G.0007<br \/> \u2022 Organizaci\u00f3n de Aeronavegabilidad Combinada Aprobada por EASA ES.CAO.010 \u2022 Organizaci\u00f3n de Formaci\u00f3n Aprobada por EASA E-ATO-285<\/p>\n<p>Trabajando permanentemente por alcanzar los mayores niveles de seguridad y entretenimiento en cada sector del negocio de los globos de aire caliente, somos actualmente reconocidos como l\u00edderes en dise\u00f1o y desarrollo tecnol\u00f3gicos por globos de aire caliente. Otro elemento clave en Ultramagic es escuchar constantemente a nuestros clientes. Tanto si usted es un nuevo piloto, un experimentado operador de vuelos o un ejecutivo de marketing, su opini\u00f3n y necesidades son importantes para el equipo de Ultramagic. Con esta voluntad promovimos los Ultramagic International Awards de los que los tres proyectos ganadores, el \u201cFriendship Balloon\u201d (globo de la amistad), el \u201cFlightpack\u201d y el Power Line Detector (detector de l\u00edneas el\u00e9ctricas) han sido completados con \u00e9xito.   <\/p>\n<\/div>\n<\/div>\n<\/div>\n<\/div>\n<\/div>\n<\/div>\n<\/div>\n<\/div>\n\t\t\t\t\t\t\t\t<\/div>\n\t\t\t\t<\/div>\n\t\t\t\t<\/div>\n\t\t\t\t<\/div>\n\t\t","protected":false},"excerpt":{"rendered":"<p>\u00a1Haciendo magia para ti! Con la experiencia de dise\u00f1ar y producir m\u00e1s de 2500 globos de aire caliente para clientes, tanto privados como comerciales, nos esforzamos constantemente por dar un servicio cercano y del m\u00e1s alto nivel de profesionalidad. Todo comienza con una respuesta confidencial y algunos consejos iniciales, y contin\u00faa con el dise\u00f1o, la &hellip; <a href=\"https:\/\/ultramagic.test.creagia.com\/es\/empresa\/\">Continued<\/a><\/p>\n","protected":false},"author":1,"featured_media":0,"parent":0,"menu_order":0,"comment_status":"closed","ping_status":"closed","template":"","meta":{"footnotes":""},"class_list":["post-2258","page","type-page","status-publish","hentry"],"_links":{"self":[{"href":"https:\/\/ultramagic.test.creagia.com\/es\/wp-json\/wp\/v2\/pages\/2258","targetHints":{"allow":["GET"]}}],"collection":[{"href":"https:\/\/ultramagic.test.creagia.com\/es\/wp-json\/wp\/v2\/pages"}],"about":[{"href":"https:\/\/ultramagic.test.creagia.com\/es\/wp-json\/wp\/v2\/types\/page"}],"author":[{"embeddable":true,"href":"https:\/\/ultramagic.test.creagia.com\/es\/wp-json\/wp\/v2\/users\/1"}],"replies":[{"embeddable":true,"href":"https:\/\/ultramagic.test.creagia.com\/es\/wp-json\/wp\/v2\/comments?post=2258"}],"version-history":[{"count":1,"href":"https:\/\/ultramagic.test.creagia.com\/es\/wp-json\/wp\/v2\/pages\/2258\/revisions"}],"predecessor-version":[{"id":2259,"href":"https:\/\/ultramagic.test.creagia.com\/es\/wp-json\/wp\/v2\/pages\/2258\/revisions\/2259"}],"wp:attachment":[{"href":"https:\/\/ultramagic.test.creagia.com\/es\/wp-json\/wp\/v2\/media?parent=2258"}],"curies":[{"name":"wp","href":"https:\/\/api.w.org\/{rel}","templated":true}]}}